{"id":45,"date":"2024-03-14T13:03:58","date_gmt":"2024-03-14T13:03:58","guid":{"rendered":"https:\/\/freguesiasantabarbara.pt\/?page_id=45"},"modified":"2024-03-15T09:43:00","modified_gmt":"2024-03-15T09:43:00","slug":"inicio","status":"publish","type":"page","link":"https:\/\/freguesiasantabarbara.pt\/","title":{"rendered":"In\u00edcio"},"content":{"rendered":"<p><img loading=\"lazy\" decoding=\"async\" src=\"https:\/\/freguesiasantabarbara.pt\/wp-content\/uploads\/2024\/03\/Miguel-156x300.jpg\" alt=\"presidente da junta de freguesia de santa b\u00e1rbara\" width=\"156\" height=\"300\" class=\"alignleft wp-image-50 size-medium\" srcset=\"https:\/\/freguesiasantabarbara.pt\/wp-content\/uploads\/2024\/03\/Miguel-156x300.jpg 156w, https:\/\/freguesiasantabarbara.pt\/wp-content\/uploads\/2024\/03\/Miguel-531x1024.jpg 531w, https:\/\/freguesiasantabarbara.pt\/wp-content\/uploads\/2024\/03\/Miguel.jpg 652w\" sizes=\"auto, (max-width: 156px) 100vw, 156px\" \/><\/p>\n<p><strong><span style=\"color: #333399;\">MENSAGEM PRESIDENTE<\/span><\/strong><\/p>\n<p style=\"text-align: justify;\"><span style=\"color: #000000;\">Caros Amigos e Cidad\u00e3os da Freguesia de Santa B\u00e1rbara,<\/span><br \/>\n<span style=\"color: #000000;\">Quero em primeiro lugar, agradecer a confian\u00e7a depositada na nossa equipa, para levamos a cabo o nosso projeto conforme o nosso manifesto.<\/span><br \/>\n<span style=\"color: #000000;\">Liderando uma equipa forte, com a experi\u00eancia reunida ao longo do tempo, com esp\u00edrito de iniciativa e com muita vontade, sinto-me muito motivado para lutar junto das entidades respons\u00e1veis\u00a0para o que desejamos para Santa B\u00e1rbara. \u00c9 importante que a popula\u00e7\u00e3o de Santa B\u00e1rbara se una \u00e0 volta desta equipa. Lutaremos pela realiza\u00e7\u00e3o de projetos fundamentais para a nossa terra tais como: a constru\u00e7\u00e3o de uma zona de loteamento com, pelo menos, 15 lotes para jovens da Freguesia; passando por exigir \u00e0 C\u00e2mara Municipal a pavimenta\u00e7\u00e3o de todas as ruas e travessas; substitui\u00e7\u00e3o da canaliza\u00e7\u00e3o das \u00e1guas dom\u00e9sticas, at\u00e9 \u00e0 implementa\u00e7\u00e3o da solu\u00e7\u00e3o que j\u00e1 apresentamos para resolver o problema das \u00e1guas pluviais\u00a0na Rua do Biscoito e na Rua do Meio. Queremos investir, na\u00a0constru\u00e7\u00e3o\u00a0de parques\u00a0de\u00a0estacionamento, nas ruas do Biscoito, do Foral e Cipriano Lima Machado, pois o congestionamento de tr\u00e2nsito causa grandes embara\u00e7os aos residentes e cidad\u00e3os que diariamente por la\u0301 circulam e, ainda, desafiar as entidades competentes para potenciar a constru\u00e7\u00e3o de um pavilh\u00e3o\u00a0multiusos, \u00e0 semelhan\u00e7a de outras freguesias,\u00a0no terreno da Junta, com o intuito de dar apoio a todo o tipo de celebra\u00e7\u00f5es particulares e de grupo.<\/span><br \/>\n<span style=\"color: #000000;\">Com humildade e dedica\u00e7\u00e3o, acompanhado pelas pessoas certas que trazem Santa B\u00e1rbara no cora\u00e7\u00e3o, estou dispon\u00edvel para continuar a servir, a nossa terra e as nossas gentes. Tenho a certeza de poder contar com o vosso apoio, pois ca\u0301 estaremos para vos ouvir, auxiliar e, sobretudo, para elevarmos o nome da nossa Freguesia.<\/span><\/p>\n<p><span style=\"color: #000000;\">A Todos, um bem-haja!<\/span><\/p>\n<p><span style=\"color: #000000;\"><strong>Miguel Sousa<\/strong><\/span><\/p>\n","protected":false},"excerpt":{"rendered":"<p>MENSAGEM PRESIDENTE Caros Amigos e Cidad\u00e3os da Freguesia de Santa B\u00e1rbara, Quero em primeiro lugar, agradecer a confian\u00e7a depositada na nossa equipa, para levamos a cabo o nosso projeto conforme o nosso manifesto. Liderando uma equipa forte, com a experi\u00eancia reunida ao longo do tempo, com esp\u00edrito de iniciativa e [&hellip;]<\/p>\n","protected":false},"author":1,"featured_media":0,"parent":0,"menu_order":0,"comment_status":"closed","ping_status":"closed","template":"","meta":{"footnotes":""},"class_list":["post-45","page","type-page","status-publish","hentry"],"_links":{"self":[{"href":"https:\/\/freguesiasantabarbara.pt\/index.php\/wp-json\/wp\/v2\/pages\/45","targetHints":{"allow":["GET"]}}],"collection":[{"href":"https:\/\/freguesiasantabarbara.pt\/index.php\/wp-json\/wp\/v2\/pages"}],"about":[{"href":"https:\/\/freguesiasantabarbara.pt\/index.php\/wp-json\/wp\/v2\/types\/page"}],"author":[{"embeddable":true,"href":"https:\/\/freguesiasantabarbara.pt\/index.php\/wp-json\/wp\/v2\/users\/1"}],"replies":[{"embeddable":true,"href":"https:\/\/freguesiasantabarbara.pt\/index.php\/wp-json\/wp\/v2\/comments?post=45"}],"version-history":[{"count":5,"href":"https:\/\/freguesiasantabarbara.pt\/index.php\/wp-json\/wp\/v2\/pages\/45\/revisions"}],"predecessor-version":[{"id":51,"href":"https:\/\/freguesiasantabarbara.pt\/index.php\/wp-json\/wp\/v2\/pages\/45\/revisions\/51"}],"wp:attachment":[{"href":"https:\/\/freguesiasantabarbara.pt\/index.php\/wp-json\/wp\/v2\/media?parent=45"}],"curies":[{"name":"wp","href":"https:\/\/api.w.org\/{rel}","templated":true}]}}