{"id":33,"date":"2024-03-14T12:23:36","date_gmt":"2024-03-14T12:23:36","guid":{"rendered":"https:\/\/freguesiasantabarbara.pt\/?page_id=33"},"modified":"2026-01-08T17:05:15","modified_gmt":"2026-01-08T17:05:15","slug":"publicacoes","status":"publish","type":"page","link":"https:\/\/freguesiasantabarbara.pt\/index.php\/publicacoes\/","title":{"rendered":"Publica\u00e7\u00f5es"},"content":{"rendered":"<div style=\"display: flex; justify-content: space-between;\">\n<div style=\"flex: 1; margin-right: 10px;\">\n<h6 style=\"text-align: center;\"><span style=\"color: #000080;\">Or\u00e7amentos e Contas de Ger\u00eancia<\/span><\/h6>\n<ul>\n<li style=\"list-style-type: none;\">\n<ul>\n<li style=\"margin-bottom: 10px;\"><a href=\"https:\/\/freguesiasantabarbara.pt\/wp-content\/uploads\/2026\/01\/2026-Orcamento-e-Plano-Orcamental-Plurianual.pdf\">2026 Orc\u0327amento e Plano Orc\u0327amental Plurianual<\/a><\/li>\n<li style=\"margin-bottom: 10px;\"><a href=\"https:\/\/freguesiasantabarbara.pt\/wp-content\/uploads\/2026\/01\/2026-Plano-Plurianual-de-Investimentos.pdf\">2026 Plano Plurianual de Investimentos<\/a><\/li>\n<li style=\"margin-bottom: 10px;\"><a href=\"https:\/\/freguesiasantabarbara.pt\/wp-content\/uploads\/2025\/07\/Contas-de-Gerencia-2024.pdf\">Contas de Ger\u00eancia 2024<\/a><\/li>\n<li style=\"margin-bottom: 10px;\"><a href=\"https:\/\/freguesiasantabarbara.pt\/wp-content\/uploads\/2025\/02\/Orcamento-2025.pdf\">Or\u00e7amento 2025<\/a><\/li>\n<li style=\"margin-bottom: 10px;\"><a href=\"https:\/\/freguesiasantabarbara.pt\/wp-content\/uploads\/2025\/02\/PPI-2025.pdf\">PPI 2025<\/a><\/li>\n<li style=\"margin-bottom: 10px;\"><a href=\"https:\/\/freguesiasantabarbara.pt\/wp-content\/uploads\/2024\/08\/Orcamento-2024.pdf\">Or\u00e7amento 2024<\/a><\/li>\n<li style=\"margin-bottom: 10px;\"><a href=\"https:\/\/freguesiasantabarbara.pt\/wp-content\/uploads\/2024\/08\/PPI-2024.pdf\">Plano Plurianual de Investimentos 2024 &#8211; 2<\/a><\/li>\n<li style=\"margin-bottom: 10px;\"><a href=\"https:\/\/freguesiasantabarbara.pt\/wp-content\/uploads\/2024\/05\/Plano-e-Orcamento-2024.pdf\">Plano Plurianual de Investimentos 2024<\/a><\/li>\n<li style=\"margin-bottom: 10px;\"><a href=\"https:\/\/freguesiasantabarbara.pt\/wp-content\/uploads\/2024\/08\/PPI-2023.pdf\">Plano Plurianual de Investimentos 2023<\/a><\/li>\n<li style=\"margin-bottom: 10px;\"><a href=\"https:\/\/freguesiasantabarbara.pt\/wp-content\/uploads\/2024\/08\/Orcamento-e-Plano-Orcamental-Plurianual-2023.pdf\">Or\u00e7amento e Plano Or\u00e7amental Plurianual 2023<\/a><\/li>\n<li style=\"margin-bottom: 10px;\"><a href=\"https:\/\/freguesiasantabarbara.pt\/wp-content\/uploads\/2024\/08\/Contas-de-Gerencia-2023.pdf\">Contas de Ger\u00eancia 2023<\/a><\/li>\n<li style=\"margin-bottom: 10px;\"><a href=\"https:\/\/freguesiasantabarbara.pt\/wp-content\/uploads\/2024\/08\/Contas-de-Gerencia-2022.pdf\">Contas de Ger\u00eancia 2022 &#8211; 2<\/a><\/li>\n<li style=\"margin-bottom: 10px;\"><a href=\"https:\/\/freguesiasantabarbara.pt\/wp-content\/uploads\/2024\/03\/Contas-de-Gerencia-2022.pdf\">Contas de Ger\u00eancia 2022<\/a><\/li>\n<li style=\"margin-bottom: 10px;\"><a href=\"https:\/\/freguesiasantabarbara.pt\/wp-content\/uploads\/2024\/08\/PPI-2022.pdf\">Plano Plurianual de Investimentos 2022<\/a><\/li>\n<li style=\"margin-bottom: 10px;\"><a href=\"https:\/\/freguesiasantabarbara.pt\/wp-content\/uploads\/2024\/08\/Orcamento-e-Plano-Orcamental-Plurianual-2022.pdf\">Or\u00e7amento e Plano Or\u00e7amental Plurianual 2022<\/a><\/li>\n<li style=\"margin-bottom: 10px;\"><a href=\"https:\/\/freguesiasantabarbara.pt\/wp-content\/uploads\/2024\/03\/Orcamento-2021.pdf\">Or\u00e7amento 2021<\/a><\/li>\n<li style=\"margin-bottom: 10px;\"><a href=\"https:\/\/freguesiasantabarbara.pt\/wp-content\/uploads\/2024\/03\/Contas-de-Gerencia-2021.pdf\">Contas de Ger\u00eancia 2021<\/a><\/li>\n<li style=\"margin-bottom: 10px;\"><a href=\"https:\/\/freguesiasantabarbara.pt\/wp-content\/uploads\/2024\/03\/Orcamento-2020.pdf\">Or\u00e7amento 2020<\/a><\/li>\n<li style=\"margin-bottom: 10px;\"><a href=\"https:\/\/freguesiasantabarbara.pt\/wp-content\/uploads\/2024\/03\/Conta-Gerencia-2020.pdf\">Conta Ger\u00eancia 2020<\/a><\/li>\n<li style=\"margin-bottom: 10px;\"><a href=\"https:\/\/freguesiasantabarbara.pt\/wp-content\/uploads\/2024\/03\/Orcamento-2019.pdf\">Or\u00e7amento 2019<\/a><\/li>\n<li style=\"margin-bottom: 10px;\"><a href=\"https:\/\/freguesiasantabarbara.pt\/wp-content\/uploads\/2024\/03\/Contas-Gerencia-2019.pdf\">Contas Ger\u00eancia 2019<\/a><\/li>\n<li style=\"margin-bottom: 10px;\"><a href=\"https:\/\/freguesiasantabarbara.pt\/wp-content\/uploads\/2024\/03\/Orcamento-2018.pdf\">Or\u00e7amento 2018<\/a><\/li>\n<li style=\"margin-bottom: 10px;\"><a href=\"https:\/\/freguesiasantabarbara.pt\/wp-content\/uploads\/2024\/03\/Conta-gerencia-2018.pdf\">Conta ger\u00eancia 2018<\/a><\/li>\n<li style=\"margin-bottom: 10px;\"><a href=\"https:\/\/freguesiasantabarbara.pt\/wp-content\/uploads\/2024\/03\/Orcamento-2017.pdf\">Or\u00e7amento 2017<\/a><\/li>\n<li style=\"margin-bottom: 10px;\"><a href=\"https:\/\/freguesiasantabarbara.pt\/wp-content\/uploads\/2024\/03\/Conta-Gerencia-2017.pdf\">Conta Ger\u00eancia 2017<\/a><\/li>\n<li style=\"margin-bottom: 10px;\"><a href=\"https:\/\/freguesiasantabarbara.pt\/wp-content\/uploads\/2024\/03\/orcamento-2016.pdf\">or\u00e7amento 2016<\/a><\/li>\n<li style=\"margin-bottom: 10px;\"><a href=\"https:\/\/freguesiasantabarbara.pt\/wp-content\/uploads\/2024\/03\/Conta-gerencia-2016.pdf\">Conta ger\u00eancia 2016<\/a><\/li>\n<\/ul>\n<\/li>\n<\/ul>\n<\/div>\n<h6><!-- Second column --><\/h6>\n<div style=\"flex: 1; margin-left: 10px;\">\n<h6 style=\"text-align: center;\"><!-- PDF 2 --><\/h6>\n<\/div>\n<\/div>\n","protected":false},"excerpt":{"rendered":"<p>Or\u00e7amentos e Contas de Ger\u00eancia 2026 Orc\u0327amento e Plano Orc\u0327amental Plurianual 2026 Plano Plurianual de Investimentos Contas de Ger\u00eancia 2024 Or\u00e7amento 2025 PPI 2025 Or\u00e7amento 2024 Plano Plurianual de Investimentos 2024 &#8211; 2 Plano Plurianual de Investimentos 2024 Plano Plurianual de Investimentos 2023 Or\u00e7amento e Plano Or\u00e7amental Plurianual 2023 Contas [&hellip;]<\/p>\n","protected":false},"author":1,"featured_media":26,"parent":0,"menu_order":0,"comment_status":"closed","ping_status":"closed","template":"page-templates\/template-pagebuilder-full-width.php","meta":{"footnotes":""},"class_list":["post-33","page","type-page","status-publish","has-post-thumbnail","hentry"],"_links":{"self":[{"href":"https:\/\/freguesiasantabarbara.pt\/index.php\/wp-json\/wp\/v2\/pages\/33","targetHints":{"allow":["GET"]}}],"collection":[{"href":"https:\/\/freguesiasantabarbara.pt\/index.php\/wp-json\/wp\/v2\/pages"}],"about":[{"href":"https:\/\/freguesiasantabarbara.pt\/index.php\/wp-json\/wp\/v2\/types\/page"}],"author":[{"embeddable":true,"href":"https:\/\/freguesiasantabarbara.pt\/index.php\/wp-json\/wp\/v2\/users\/1"}],"replies":[{"embeddable":true,"href":"https:\/\/freguesiasantabarbara.pt\/index.php\/wp-json\/wp\/v2\/comments?post=33"}],"version-history":[{"count":13,"href":"https:\/\/freguesiasantabarbara.pt\/index.php\/wp-json\/wp\/v2\/pages\/33\/revisions"}],"predecessor-version":[{"id":163,"href":"https:\/\/freguesiasantabarbara.pt\/index.php\/wp-json\/wp\/v2\/pages\/33\/revisions\/163"}],"wp:featuredmedia":[{"embeddable":true,"href":"https:\/\/freguesiasantabarbara.pt\/index.php\/wp-json\/wp\/v2\/media\/26"}],"wp:attachment":[{"href":"https:\/\/freguesiasantabarbara.pt\/index.php\/wp-json\/wp\/v2\/media?parent=33"}],"curies":[{"name":"wp","href":"https:\/\/api.w.org\/{rel}","templated":true}]}}