{"id":31,"date":"2024-03-14T12:23:17","date_gmt":"2024-03-14T12:23:17","guid":{"rendered":"https:\/\/freguesiasantabarbara.pt\/?page_id=31"},"modified":"2024-03-15T09:55:44","modified_gmt":"2024-03-15T09:55:44","slug":"as-nossas-valencias","status":"publish","type":"page","link":"https:\/\/freguesiasantabarbara.pt\/index.php\/as-nossas-valencias\/","title":{"rendered":"As nossas Val\u00eancias"},"content":{"rendered":"<p style=\"text-align: justify;\"><span style=\"color: #000000;\">Uma Freguesia activa \u00e9 aquela que consegue movimentar todas as suas for\u00e7as vivas. Neste sentido esta Junta tem envidado esfor\u00e7os para, por um lado, dar continuidade e melhorar \u00e0 ac\u00e7\u00e3o proveniente de outras equipas anteriores e, por outro lado, para abrir novas frentes de interven\u00e7\u00e3o.<br \/>\nNesta perspectiva foram criadas as Divis\u00f5es de Desporto e de Cultura de forma a poder entregar estas vertentes nas m\u00e3os de pessoas que consideramos capazes, libertando os membros da Junta para tarefas relacionadas com o caso da gest\u00e3o da Freguesia.<\/span><\/p>\n<p>&nbsp;<\/p>\n<div style=\"display: flex;\">\n<p><!-- Column for images --><\/p>\n<div style=\"flex: 1; padding-right: 20px;\">\n<p><!-- Image for Multibanco --><img loading=\"lazy\" decoding=\"async\" src=\"https:\/\/freguesiasantabarbara.pt\/wp-content\/uploads\/2024\/03\/Multibanco.svg-254x300.png\" alt=\"\" width=\"157\" height=\"185\" class=\"alignnone wp-image-72\" srcset=\"https:\/\/freguesiasantabarbara.pt\/wp-content\/uploads\/2024\/03\/Multibanco.svg-254x300.png 254w, https:\/\/freguesiasantabarbara.pt\/wp-content\/uploads\/2024\/03\/Multibanco.svg-867x1024.png 867w, https:\/\/freguesiasantabarbara.pt\/wp-content\/uploads\/2024\/03\/Multibanco.svg-768x908.png 768w, https:\/\/freguesiasantabarbara.pt\/wp-content\/uploads\/2024\/03\/Multibanco.svg.png 1200w\" sizes=\"auto, (max-width: 157px) 100vw, 157px\" \/><\/p>\n<p>&nbsp;<\/p>\n<p>&nbsp;<\/p>\n<p><!-- Image for Biblioteca --><br \/>\n<img loading=\"lazy\" decoding=\"async\" src=\"https:\/\/freguesiasantabarbara.pt\/wp-content\/uploads\/2024\/03\/Biblioteca-1-150x150.jpg\" alt=\"\" width=\"150\" height=\"150\" class=\"alignnone size-thumbnail wp-image-71\" \/><\/p>\n<p>&nbsp;<\/p>\n<p><!-- Image for Juventude --><br \/>\n<img loading=\"lazy\" decoding=\"async\" src=\"https:\/\/freguesiasantabarbara.pt\/wp-content\/uploads\/2024\/03\/OTL_logo-150x150.jpg\" alt=\"\" width=\"150\" height=\"150\" class=\"alignnone size-thumbnail wp-image-73\" \/><\/p>\n<p><!-- Image for Servi\u00e7os --><img loading=\"lazy\" decoding=\"async\" src=\"https:\/\/freguesiasantabarbara.pt\/wp-content\/uploads\/2024\/03\/Servicos2.jpg\" alt=\"\" width=\"150\" height=\"143\" class=\"alignnone size-full wp-image-74\" \/><\/p>\n<\/div>\n<div style=\"flex: 2;\">\n<p style=\"text-align: left;\"><span style=\"color: #800000;\"><strong>MULTIBANCO<\/strong><\/span><\/p>\n<p style=\"text-align: justify;\"><span style=\"color: #000000;\">Pretens\u00e3o muito antiga dos habitantes de Santa B\u00e1rbara, a Junta de Freguesia conseguiu, finalmente, a disponibiliza\u00e7\u00e3o do servi\u00e7o de Multibanco.<\/span><br \/>\n<span style=\"color: #000000;\">Depois de muitos anos a pressionar algumas institui\u00e7\u00f5es banc\u00e1rias, finalmente, a Caixa de Cr\u00e9dito Agr\u00edcola, atrav\u00e9s do balc\u00e3o da ribeira grande possibilitou-nos disponibilizar este servi\u00e7o aos nossos conterr\u00e2neos.<\/span><br \/>\n<span style=\"color: #000000;\">Foi necess\u00e1rio realizar algumas obras de adapta\u00e7\u00e3o no interior para alojamento deste servi\u00e7o, nomeadamente a constru\u00e7\u00e3o de uma zona reservada para o efeito, mas o custo compensou a oferta.<\/span><\/p>\n<p>&nbsp;<\/p>\n<hr \/>\n<p style=\"text-align: left;\"><span style=\"color: #800000;\"><strong>BIBLIOTECA<\/strong><\/span><\/p>\n<p style=\"text-align: justify;\"><span style=\"color: #000000;\">Colocamos ao servi\u00e7o da comunidade de Santa B\u00e1rbara, em geral, e dos nossos estudantes, em particular, o esp\u00f3lio bibliogr\u00e1fico da Junta de Freguesia, para al\u00e9m de disponibilizar o acesso \u00e0 Internet a todos.<\/span><\/p>\n<p>&nbsp;<\/p>\n<hr \/>\n<p style=\"text-align: left;\"><span style=\"color: #800000;\"><strong>JUVENTUDE<\/strong><\/span><\/p>\n<p style=\"text-align: justify;\"><span style=\"color: #000000;\">H\u00e1 alguns anos a esta parte, a junta de Freguesia de Santa B\u00e1rbara tem proporcionado a v\u00e1rios jovens da nossa comunidade a possibilidade de participarem no programa &#8220;Ocupa\u00e7\u00e3o dos Tempos Livres&#8221;, da Dire\u00e7\u00e3o Regional da Juventuda.<\/span><\/p>\n<p>&nbsp;<\/p>\n<hr \/>\n<p style=\"text-align: left;\"><span style=\"color: #800000;\"><strong>SERVI\u00c7OS<\/strong><\/span><\/p>\n<ul>\n<li style=\"text-align: left;\"><span style=\"color: #000000;\">Limpeza e Manuten\u00e7\u00e3o do Cemit\u00e9rio;<\/span><\/li>\n<li style=\"text-align: left;\"><span style=\"color: #000000;\">Autoriza\u00e7\u00e3o para Inuma\u00e7\u00e3o, Exuma\u00e7\u00e3o e Traslada\u00e7\u00e3o;<\/span><\/li>\n<\/ul>\n<\/div>\n<\/div>\n","protected":false},"excerpt":{"rendered":"<p>Uma Freguesia activa \u00e9 aquela que consegue movimentar todas as suas for\u00e7as vivas. Neste sentido esta Junta tem envidado esfor\u00e7os para, por um lado, dar continuidade e melhorar \u00e0 ac\u00e7\u00e3o proveniente de outras equipas anteriores e, por outro lado, para abrir novas frentes de interven\u00e7\u00e3o. Nesta perspectiva foram criadas as [&hellip;]<\/p>\n","protected":false},"author":1,"featured_media":26,"parent":0,"menu_order":0,"comment_status":"closed","ping_status":"closed","template":"page-templates\/template-fullwidth.php","meta":{"footnotes":""},"class_list":["post-31","page","type-page","status-publish","has-post-thumbnail","hentry"],"_links":{"self":[{"href":"https:\/\/freguesiasantabarbara.pt\/index.php\/wp-json\/wp\/v2\/pages\/31","targetHints":{"allow":["GET"]}}],"collection":[{"href":"https:\/\/freguesiasantabarbara.pt\/index.php\/wp-json\/wp\/v2\/pages"}],"about":[{"href":"https:\/\/freguesiasantabarbara.pt\/index.php\/wp-json\/wp\/v2\/types\/page"}],"author":[{"embeddable":true,"href":"https:\/\/freguesiasantabarbara.pt\/index.php\/wp-json\/wp\/v2\/users\/1"}],"replies":[{"embeddable":true,"href":"https:\/\/freguesiasantabarbara.pt\/index.php\/wp-json\/wp\/v2\/comments?post=31"}],"version-history":[{"count":21,"href":"https:\/\/freguesiasantabarbara.pt\/index.php\/wp-json\/wp\/v2\/pages\/31\/revisions"}],"predecessor-version":[{"id":104,"href":"https:\/\/freguesiasantabarbara.pt\/index.php\/wp-json\/wp\/v2\/pages\/31\/revisions\/104"}],"wp:featuredmedia":[{"embeddable":true,"href":"https:\/\/freguesiasantabarbara.pt\/index.php\/wp-json\/wp\/v2\/media\/26"}],"wp:attachment":[{"href":"https:\/\/freguesiasantabarbara.pt\/index.php\/wp-json\/wp\/v2\/media?parent=31"}],"curies":[{"name":"wp","href":"https:\/\/api.w.org\/{rel}","templated":true}]}}